{"id":4054,"date":"2017-01-20T16:53:44","date_gmt":"2017-01-20T14:53:44","guid":{"rendered":"http:\/\/siselly.com\/edasimuujad\/"},"modified":"2023-06-13T11:45:47","modified_gmt":"2023-06-13T08:45:47","slug":"edasimuujad","status":"publish","type":"page","link":"https:\/\/siselly.com\/en\/edasimuujad\/","title":{"rendered":"Resellers"},"content":{"rendered":"<p style=\"text-align: center;\"><strong>Krismer-Au Juveeli\u00e4ri<\/strong><\/p>\n<p style=\"text-align: center;\">P\u00f5hjakeskus II korrus<\/p>\n<p style=\"text-align: center;\">Haljala tee 4, Rakvere vald<\/p>\n<p style=\"text-align: center;\"><strong>AngelGold<\/strong><\/p>\n<p style=\"text-align: center;\">Kagukeskus I korrus<\/p>\n<p style=\"text-align: center;\">Kooli 6, V\u00f5ru<\/p>\n<p style=\"text-align: center;\"><strong>Coop Haapsalu\u00a0<\/strong><\/p>\n<p style=\"text-align: center;\">Tallinna mnt 1, Haapsalu, 90507<\/p>\n<p style=\"text-align: center;\"><strong>Perepood<\/strong><\/p>\n<p style=\"text-align: center;\">Tartu tn. 5, Mustvee<\/p>\n<p style=\"text-align: center;\"><strong>Kata \u00e4ri<\/strong><\/p>\n<p style=\"text-align: center;\">Valga 2, T\u00f5rva<\/p>\n","protected":false},"excerpt":{"rendered":"<p>Krismer-Au Juveeli\u00e4ri P\u00f5hjakeskus II korrus Haljala tee 4, Rakvere vald AngelGold Kagukeskus I korrus Kooli 6, V\u00f5ru Coop Haapsalu\u00a0 Tallinna mnt 1, Haapsalu, 90507 Perepood Tartu tn. 5, Mustvee Kata &#8230;<\/p>\n","protected":false},"author":2,"featured_media":0,"parent":0,"menu_order":0,"comment_status":"closed","ping_status":"closed","template":"","meta":{"_themeisle_gutenberg_block_has_review":false,"footnotes":""},"class_list":["post-4054","page","type-page","status-publish","hentry"],"_links":{"self":[{"href":"https:\/\/siselly.com\/en\/wp-json\/wp\/v2\/pages\/4054","targetHints":{"allow":["GET"]}}],"collection":[{"href":"https:\/\/siselly.com\/en\/wp-json\/wp\/v2\/pages"}],"about":[{"href":"https:\/\/siselly.com\/en\/wp-json\/wp\/v2\/types\/page"}],"author":[{"embeddable":true,"href":"https:\/\/siselly.com\/en\/wp-json\/wp\/v2\/users\/2"}],"replies":[{"embeddable":true,"href":"https:\/\/siselly.com\/en\/wp-json\/wp\/v2\/comments?post=4054"}],"version-history":[{"count":3,"href":"https:\/\/siselly.com\/en\/wp-json\/wp\/v2\/pages\/4054\/revisions"}],"predecessor-version":[{"id":11775,"href":"https:\/\/siselly.com\/en\/wp-json\/wp\/v2\/pages\/4054\/revisions\/11775"}],"wp:attachment":[{"href":"https:\/\/siselly.com\/en\/wp-json\/wp\/v2\/media?parent=4054"}],"curies":[{"name":"wp","href":"https:\/\/api.w.org\/{rel}","templated":true}]}}