{"id":4795,"date":"2017-04-09T16:37:46","date_gmt":"2017-04-09T13:37:46","guid":{"rendered":"http:\/\/siselly.com\/pood\/maaratlemata\/rubiin-tsoisiidis-ja-turkiis\/"},"modified":"2026-04-20T14:36:08","modified_gmt":"2026-04-20T11:36:08","slug":"rubiin-tsoisiidis-ja-turkiis","status":"publish","type":"product","link":"https:\/\/siselly.com\/en\/pood\/ehted-en\/kaevorud-en\/rubiin-tsoisiidis-ja-turkiis\/","title":{"rendered":"Rubiin tsoisiidis ja t\u00fcrkiis"},"content":{"rendered":"<p>Rubiin tsoisiidis (anioliit) on suureks abiks hinge tervenemisele. Aitab \u00fcle saada hirmudest, muudab negatiivsed v\u00f5nked positiivseteks. Ta toetab meelt ja eluj\u00f5udu, tasakaalustab tundeelu ja suurendab optimismi.<\/p>\n<p>T\u00fcrkiis on k\u00f5ige t\u00f5husam tervendaja, mis annab tr\u00f6\u00f6sti vaimule ja heaolu kehale. T\u00fcrkiis on kaitsev kivi ja hajutab negatiivset energiat. Vaimselt annab t\u00fcrkiis sisemist rahu ja abistab loovat v\u00e4ljendumist. Emotsionaalselt stabiliseerib t\u00fcrkiis meeleolumuutusi ja toob meelerahu. See ergutab romantilist armastust.<\/p>\n","protected":false},"excerpt":{"rendered":"<p>Rubiin tsoisiidis 8 mm,\u00a0T\u00fcrkiis 4 mm<\/p>\n","protected":false},"featured_media":12946,"template":"","meta":{"_themeisle_gutenberg_block_has_review":false},"product_brand":[],"product_cat":[887,974,986,135,417,346],"product_tag":[915],"class_list":{"0":"post-4795","1":"product","2":"type-product","3":"status-publish","4":"has-post-thumbnail","6":"product_cat-ehted-en","7":"product_cat-poolvaariskivid-2-en","8":"product_cat-poolvaariskivid-2-en-2","9":"product_cat-kaevorud-en","10":"product_cat-last-one-en","11":"product_cat-poolvaariskivid-en","12":"product_tag-kaevorud-poolvaariskivid-en","14":"first","15":"instock","16":"sale","17":"taxable","18":"shipping-taxable","19":"purchasable","20":"product-type-variable"},"_links":{"self":[{"href":"https:\/\/siselly.com\/en\/wp-json\/wp\/v2\/product\/4795","targetHints":{"allow":["GET"]}}],"collection":[{"href":"https:\/\/siselly.com\/en\/wp-json\/wp\/v2\/product"}],"about":[{"href":"https:\/\/siselly.com\/en\/wp-json\/wp\/v2\/types\/product"}],"wp:featuredmedia":[{"embeddable":true,"href":"https:\/\/siselly.com\/en\/wp-json\/wp\/v2\/media\/12946"}],"wp:attachment":[{"href":"https:\/\/siselly.com\/en\/wp-json\/wp\/v2\/media?parent=4795"}],"wp:term":[{"taxonomy":"product_brand","embeddable":true,"href":"https:\/\/siselly.com\/en\/wp-json\/wp\/v2\/product_brand?post=4795"},{"taxonomy":"product_cat","embeddable":true,"href":"https:\/\/siselly.com\/en\/wp-json\/wp\/v2\/product_cat?post=4795"},{"taxonomy":"product_tag","embeddable":true,"href":"https:\/\/siselly.com\/en\/wp-json\/wp\/v2\/product_tag?post=4795"}],"curies":[{"name":"wp","href":"https:\/\/api.w.org\/{rel}","templated":true}]}}